{"id":31,"date":"2021-04-22T17:47:00","date_gmt":"2021-04-22T20:47:00","guid":{"rendered":"http:\/\/departamento-de-engenharia-de-materiais.local\/?page_id=21"},"modified":"2025-12-10T08:49:46","modified_gmt":"2025-12-10T11:49:46","slug":"administracao","status":"publish","type":"page","link":"https:\/\/smm.eesc.usp.br\/?page_id=31","title":{"rendered":"Administra\u00e7\u00e3o"},"content":{"rendered":"\r\n<div class=\"wp-block-uagb-container uagb-block-8ed07f4e alignfull uagb-is-root-container\">\r\n<div class=\"uagb-container-inner-blocks-wrap\">\r\n<div class=\"wp-block-spacer\" style=\"height: 50px;\" aria-hidden=\"true\">\u00a0<\/div>\r\n\r\n\r\n\r\n<div class=\"wp-block-columns is-layout-flex wp-container-core-columns-is-layout-28f84493 wp-block-columns-is-layout-flex\">\r\n<div class=\"wp-block-column is-layout-flow wp-block-column-is-layout-flow\" style=\"flex-basis: 5%;\">      \n\t\t\t<div class=\"uagb-icon-wrapper uagb-block-aa9818c8      \"\n\t\t\tstyle=\"\" >\n\t\t\t\t\t\t\t\t\t<span class=\"uagb-svg-wrapper\" \n\t\t\t\t\t aria-label=\"grip-vertical\"\t\t\t\t\ttabindex=\"0\">\t\t\n\t\t\t\t\t\t\t\t\t\t<svg xmlns=\"https:\/\/www.w3.org\/2000\/svg\" viewBox= \"0 0 320 512\" role=\"graphics-symbol\" aria-hidden=\"false\" aria-label=\"\"><path d=\"M88 352C110.1 352 128 369.9 128 392V440C128 462.1 110.1 480 88 480H40C17.91 480 0 462.1 0 440V392C0 369.9 17.91 352 40 352H88zM280 352C302.1 352 320 369.9 320 392V440C320 462.1 302.1 480 280 480H232C209.9 480 192 462.1 192 440V392C192 369.9 209.9 352 232 352H280zM40 320C17.91 320 0 302.1 0 280V232C0 209.9 17.91 192 40 192H88C110.1 192 128 209.9 128 232V280C128 302.1 110.1 320 88 320H40zM280 192C302.1 192 320 209.9 320 232V280C320 302.1 302.1 320 280 320H232C209.9 320 192 302.1 192 280V232C192 209.9 209.9 192 232 192H280zM40 160C17.91 160 0 142.1 0 120V72C0 49.91 17.91 32 40 32H88C110.1 32 128 49.91 128 72V120C128 142.1 110.1 160 88 160H40zM280 32C302.1 32 320 49.91 320 72V120C320 142.1 302.1 160 280 160H232C209.9 160 192 142.1 192 120V72C192 49.91 209.9 32 232 32H280z\"><\/path><\/svg>\n\t\t\t\t\t\t\t\t\t<\/span>\n\t\t\t\t\t\t\t<\/div>\n\t\t\t<\/div>\r\n\r\n\r\n\r\n<div class=\"wp-block-column is-layout-flow wp-block-column-is-layout-flow\" style=\"flex-basis: 95%;\">\r\n<h2 class=\"wp-block-heading\">Administra\u00e7\u00e3o<\/h2>\r\n\r\n\r\n<hr class=\"wp-block-separator has-text-color has-luminous-vivid-amber-color has-alpha-channel-opacity has-luminous-vivid-amber-background-color has-background is-style-wide\" \/>\r\n\r\n\r\n<div class=\"wp-block-columns is-layout-flex wp-container-core-columns-is-layout-28f84493 wp-block-columns-is-layout-flex\">\r\n<div class=\"wp-block-column is-layout-flow wp-block-column-is-layout-flow\">\r\n<div class=\"wp-block-uagb-team uagb-team__image-position-left uagb-team__align-left uagb-team__stack-tablet uagb-block-8f75fcff\"><img decoding=\"async\" class=\"uagb-team__image-crop-square\" src=\"https:\/\/smm.eesc.usp.br\/wp-content\/uploads\/2021\/06\/vera-150x150.jpg\" alt=\"\" width=\"150\" height=\"150\" \/>\r\n<div class=\"uagb-team__content\">\r\n<h3 class=\"uagb-team__title\">Prof\u00aa. Vera L\u00facia Arantes<\/h3>\r\n<span class=\"uagb-team__prefix\">Chefe do Departamento<\/span>\r\n<p class=\"uagb-team__desc\">vera@sc.usp.br<br \/>(16) 3373-8684<\/p>\r\n<\/div>\r\n<\/div>\r\n<\/div>\r\n\r\n\r\n\r\n<div class=\"wp-block-column is-layout-flow wp-block-column-is-layout-flow\">\r\n<div class=\"wp-block-uagb-team uagb-team__image-position-left uagb-team__align-left uagb-team__stack-tablet uagb-block-1573a9bb\"><img decoding=\"async\" class=\"uagb-team__image-crop-square\" src=\"https:\/\/smm.eesc.usp.br\/wp-content\/uploads\/2021\/10\/marcelch-150x150.jpg\" alt=\"\" width=\"150\" height=\"150\" \/>\r\n<div class=\"uagb-team__content\">\r\n<h3 class=\"uagb-team__title\">Prof. Marcelo Aparecido Chinelatto<\/h3>\r\n<span class=\"uagb-team__prefix\">Vice-Chefe do Departamento<\/span>\r\n<p class=\"uagb-team__desc\">mchinelatto@sc.usp.br<br \/>(16) 3373-8680.<\/p>\r\n<\/div>\r\n<\/div>\r\n<\/div>\r\n<\/div>\r\n\r\n\r\n\r\n<div class=\"wp-block-spacer\" style=\"height: 30px;\" aria-hidden=\"true\">\u00a0<\/div>\r\n\r\n\r\n\r\n<h4 class=\"wp-block-heading has-text-align-center\"><a href=\"https:\/\/smm.eesc.usp.br\/wp-content\/uploads\/Mandatos-CD-SMM-2025.pdf\">Conselho do Departamento (2025-2027)<\/a><\/h4>\r\n<\/div>\r\n<\/div>\r\n<\/div>\r\n<\/div>\r\n\r\n\r\n\r\n<div class=\"wp-block-uagb-container uagb-block-11dc9420 alignfull uagb-is-root-container\">\r\n<div class=\"uagb-container-inner-blocks-wrap\">\r\n<div class=\"wp-block-spacer\" style=\"height: 100px;\" aria-hidden=\"true\">\u00a0<\/div>\r\n\r\n\r\n\r\n<div class=\"wp-block-columns is-layout-flex wp-container-core-columns-is-layout-28f84493 wp-block-columns-is-layout-flex\">\r\n<div class=\"wp-block-column is-layout-flow wp-block-column-is-layout-flow\" style=\"flex-basis: 5%;\">      \n\t\t\t<div class=\"uagb-icon-wrapper uagb-block-4b8fa29b      \"\n\t\t\tstyle=\"\" >\n\t\t\t\t\t\t\t\t\t<span class=\"uagb-svg-wrapper\" \n\t\t\t\t\t aria-label=\"grip-vertical\"\t\t\t\t\ttabindex=\"0\">\t\t\n\t\t\t\t\t\t\t\t\t\t<svg xmlns=\"https:\/\/www.w3.org\/2000\/svg\" viewBox= \"0 0 320 512\" role=\"graphics-symbol\" aria-hidden=\"false\" aria-label=\"\"><path d=\"M88 352C110.1 352 128 369.9 128 392V440C128 462.1 110.1 480 88 480H40C17.91 480 0 462.1 0 440V392C0 369.9 17.91 352 40 352H88zM280 352C302.1 352 320 369.9 320 392V440C320 462.1 302.1 480 280 480H232C209.9 480 192 462.1 192 440V392C192 369.9 209.9 352 232 352H280zM40 320C17.91 320 0 302.1 0 280V232C0 209.9 17.91 192 40 192H88C110.1 192 128 209.9 128 232V280C128 302.1 110.1 320 88 320H40zM280 192C302.1 192 320 209.9 320 232V280C320 302.1 302.1 320 280 320H232C209.9 320 192 302.1 192 280V232C192 209.9 209.9 192 232 192H280zM40 160C17.91 160 0 142.1 0 120V72C0 49.91 17.91 32 40 32H88C110.1 32 128 49.91 128 72V120C128 142.1 110.1 160 88 160H40zM280 32C302.1 32 320 49.91 320 72V120C320 142.1 302.1 160 280 160H232C209.9 160 192 142.1 192 120V72C192 49.91 209.9 32 232 32H280z\"><\/path><\/svg>\n\t\t\t\t\t\t\t\t\t<\/span>\n\t\t\t\t\t\t\t<\/div>\n\t\t\t<\/div>\r\n\r\n\r\n\r\n<div class=\"wp-block-column is-layout-flow wp-block-column-is-layout-flow\" style=\"flex-basis: 95%;\">\r\n<h3 class=\"wp-block-heading\">Secretaria do Departamento<\/h3>\r\n\r\n\r\n<hr class=\"wp-block-separator has-text-color has-luminous-vivid-amber-color has-alpha-channel-opacity has-luminous-vivid-amber-background-color has-background is-style-wide\" \/>\r\n\r\n\r\n<div class=\"wp-block-columns is-layout-flex wp-container-core-columns-is-layout-28f84493 wp-block-columns-is-layout-flex\">\r\n<div class=\"wp-block-column is-layout-flow wp-block-column-is-layout-flow\">\r\n<div class=\"wp-block-uagb-team uagb-team__image-position-left uagb-team__align-left uagb-team__stack-tablet uagb-block-876c6eff\">\r\n<div class=\"uagb-team__content\">\r\n<h3 class=\"uagb-team__title\">Victor Luiz Barioto<\/h3>\r\n<span class=\"uagb-team__prefix\">Secret\u00e1rio do Departamento<br \/>Administra\u00e7\u00e3o<\/span>\r\n<p class=\"uagb-team__desc\">victor.barioto@usp.br<br \/>(16) 3373-6814 \/ 3373-8125<\/p>\r\n<\/div>\r\n<\/div>\r\n<\/div>\r\n\r\n\r\n\r\n<div class=\"wp-block-column is-layout-flow wp-block-column-is-layout-flow\">\r\n<div class=\"wp-block-uagb-team uagb-team__image-position-left uagb-team__align-left uagb-team__stack-tablet uagb-block-0619f93d\">\r\n<div class=\"uagb-team__content\">\r\n<h3 class=\"uagb-team__title\">Marcelo Aparecido Tavoni<\/h3>\r\n<span class=\"uagb-team__prefix\">T\u00e9cnico Administrativo<br \/>Conv\u00eanios e Ger\u00eancia de Projetos<\/span>\r\n<p class=\"uagb-team__desc\">tavoni@sc.usp.br<br \/>(16) 3373-9713<\/p>\r\n<\/div>\r\n<\/div>\r\n<\/div>\r\n<\/div>\r\n\r\n\r\n\r\n<div class=\"wp-block-columns is-layout-flex wp-container-core-columns-is-layout-28f84493 wp-block-columns-is-layout-flex\">\r\n<div class=\"wp-block-column is-layout-flow wp-block-column-is-layout-flow\">\r\n<div class=\"wp-block-uagb-team uagb-team__image-position-left uagb-team__align-left uagb-team__stack-tablet uagb-block-71525444\">\r\n<div class=\"uagb-team__content\">\r\n<h3 class=\"uagb-team__title\">Raphael Leite Almeida<\/h3>\r\n<span class=\"uagb-team__prefix\"> Administrativo<br \/>Gradua\u00e7\u00e3o e P\u00f3s-Gradua\u00e7\u00e3o<\/span>\r\n<p class=\"uagb-team__desc\">raphael.leite.almeida@.usp.br<br \/>(16) 3373-9591<\/p>\r\n<\/div>\r\n<\/div>\r\n<\/div>\r\n\r\n\r\n\r\n<div class=\"wp-block-column is-layout-flow wp-block-column-is-layout-flow\">\r\n<div class=\"wp-block-uagb-team uagb-team__image-position-left uagb-team__align-left uagb-team__stack-tablet uagb-block-aa6b0c4a\">\r\n<div class=\"uagb-team__content\">\r\n<h3 class=\"uagb-team__title\">Mauro Fernando Alonso<\/h3>\r\n<span class=\"uagb-team__prefix\">T\u00e9cnico Administrativo<br \/>Financeiro<\/span>\r\n<p class=\"uagb-team__desc\">mfa@sc.usp.br<br \/>(16) 3373-9590<\/p>\r\n<\/div>\r\n<\/div>\r\n<\/div>\r\n<\/div>\r\n<\/div>\r\n<\/div>\r\n\r\n\r\n\r\n<div class=\"wp-block-spacer\" style=\"height: 100px;\" aria-hidden=\"true\">\u00a0<\/div>\r\n\r\n\r\n\r\n<div class=\"wp-block-columns is-layout-flex wp-container-core-columns-is-layout-28f84493 wp-block-columns-is-layout-flex\">\r\n<div class=\"wp-block-column is-layout-flow wp-block-column-is-layout-flow\" style=\"flex-basis: 5%;\">      \n\t\t\t<div class=\"uagb-icon-wrapper uagb-block-c2ce75d6      \"\n\t\t\tstyle=\"\" >\n\t\t\t\t\t\t\t\t\t<span class=\"uagb-svg-wrapper\" \n\t\t\t\t\t aria-label=\"grip-vertical\"\t\t\t\t\ttabindex=\"0\">\t\t\n\t\t\t\t\t\t\t\t\t\t<svg xmlns=\"https:\/\/www.w3.org\/2000\/svg\" viewBox= \"0 0 320 512\" role=\"graphics-symbol\" aria-hidden=\"false\" aria-label=\"\"><path d=\"M88 352C110.1 352 128 369.9 128 392V440C128 462.1 110.1 480 88 480H40C17.91 480 0 462.1 0 440V392C0 369.9 17.91 352 40 352H88zM280 352C302.1 352 320 369.9 320 392V440C320 462.1 302.1 480 280 480H232C209.9 480 192 462.1 192 440V392C192 369.9 209.9 352 232 352H280zM40 320C17.91 320 0 302.1 0 280V232C0 209.9 17.91 192 40 192H88C110.1 192 128 209.9 128 232V280C128 302.1 110.1 320 88 320H40zM280 192C302.1 192 320 209.9 320 232V280C320 302.1 302.1 320 280 320H232C209.9 320 192 302.1 192 280V232C192 209.9 209.9 192 232 192H280zM40 160C17.91 160 0 142.1 0 120V72C0 49.91 17.91 32 40 32H88C110.1 32 128 49.91 128 72V120C128 142.1 110.1 160 88 160H40zM280 32C302.1 32 320 49.91 320 72V120C320 142.1 302.1 160 280 160H232C209.9 160 192 142.1 192 120V72C192 49.91 209.9 32 232 32H280z\"><\/path><\/svg>\n\t\t\t\t\t\t\t\t\t<\/span>\n\t\t\t\t\t\t\t<\/div>\n\t\t\t<\/div>\r\n\r\n\r\n\r\n<div class=\"wp-block-column is-layout-flow wp-block-column-is-layout-flow\" style=\"flex-basis: 95%;\">\r\n<h2 class=\"wp-block-heading\">Legisla\u00e7\u00f5es e Portarias<\/h2>\r\n\r\n\r\n<hr class=\"wp-block-separator has-text-color has-luminous-vivid-amber-color has-alpha-channel-opacity has-luminous-vivid-amber-background-color has-background is-style-wide\" \/>\r\n\r\n\r\n<div class=\"wp-block-uagb-icon-list uagb-block-01dbf40c\">\r\n<div class=\"uagb-icon-list__wrap\">\r\n<div class=\"wp-block-uagb-icon-list-child uagb-block-859178be\"><span class=\"uagb-icon-list__label\">Regimento do Departamento<\/span><\/div>\r\n\r\n\r\n\r\n<div class=\"wp-block-uagb-icon-list-child uagb-block-38d549d6\"><span class=\"uagb-icon-list__label\">Regimento EESC<\/span><\/div>\r\n<\/div>\r\n<\/div>\r\n<\/div>\r\n<\/div>\r\n<\/div>\r\n<\/div>\r\n","protected":false},"excerpt":{"rendered":"<p>Administra\u00e7\u00e3o Conselho do Departamento (2025-2027) Secretaria do Departamento Legisla\u00e7\u00f5es e Portarias<\/p>\n","protected":false},"author":1,"featured_media":0,"parent":754,"menu_order":0,"comment_status":"closed","ping_status":"closed","template":"","meta":{"_acf_changed":false,"_uag_custom_page_level_css":"","site-sidebar-layout":"no-sidebar","site-content-layout":"default","ast-site-content-layout":"default","site-content-style":"default","site-sidebar-style":"default","ast-global-header-display":"","ast-banner-title-visibility":"","ast-main-header-display":"","ast-hfb-above-header-display":"","ast-hfb-below-header-display":"","ast-hfb-mobile-header-display":"","site-post-title":"disabled","ast-breadcrumbs-content":"","ast-featured-img":"","footer-sml-layout":"","ast-disable-related-posts":"","theme-transparent-header-meta":"default","adv-header-id-meta":"","stick-header-meta":"","header-above-stick-meta":"","header-main-stick-meta":"","header-below-stick-meta":"","astra-migrate-meta-layouts":"set","ast-page-background-enabled":"default","ast-page-background-meta":{"desktop":{"background-color":"","background-image":"","background-repeat":"repeat","background-position":"center center","background-size":"auto","background-attachment":"scroll","background-type":"","background-media":"","overlay-type":"","overlay-color":"","overlay-opacity":"","overlay-gradient":""},"tablet":{"background-color":"","background-image":"","background-repeat":"repeat","background-position":"center center","background-size":"auto","background-attachment":"scroll","background-type":"","background-media":"","overlay-type":"","overlay-color":"","overlay-opacity":"","overlay-gradient":""},"mobile":{"background-color":"","background-image":"","background-repeat":"repeat","background-position":"center center","background-size":"auto","background-attachment":"scroll","background-type":"","background-media":"","overlay-type":"","overlay-color":"","overlay-opacity":"","overlay-gradient":""}},"ast-content-background-meta":{"desktop":{"background-color":"var(--ast-global-color-5)","background-image":"","background-repeat":"repeat","background-position":"center center","background-size":"auto","background-attachment":"scroll","background-type":"","background-media":"","overlay-type":"","overlay-color":"","overlay-opacity":"","overlay-gradient":""},"tablet":{"background-color":"var(--ast-global-color-5)","background-image":"","background-repeat":"repeat","background-position":"center center","background-size":"auto","background-attachment":"scroll","background-type":"","background-media":"","overlay-type":"","overlay-color":"","overlay-opacity":"","overlay-gradient":""},"mobile":{"background-color":"var(--ast-global-color-5)","background-image":"","background-repeat":"repeat","background-position":"center center","background-size":"auto","background-attachment":"scroll","background-type":"","background-media":"","overlay-type":"","overlay-color":"","overlay-opacity":"","overlay-gradient":""}},"footnotes":""},"wf_page_folders":[],"class_list":["post-31","page","type-page","status-publish","hentry"],"acf":[],"uagb_featured_image_src":{"full":false,"thumbnail":false,"medium":false,"medium_large":false,"large":false,"1536x1536":false,"2048x2048":false,"smart-post-landscape":false,"smart-post-portrait":false},"uagb_author_info":{"display_name":"admin","author_link":"https:\/\/smm.eesc.usp.br\/?author=1"},"uagb_comment_info":0,"uagb_excerpt":"Administra\u00e7\u00e3o Conselho do Departamento (2025-2027) Secretaria do Departamento Legisla\u00e7\u00f5es e Portarias","publishpress_future_action":{"enabled":false,"date":"2026-05-22 15:04:18","action":"change-status","newStatus":"draft","terms":[],"taxonomy":"frm_application","extraData":[]},"publishpress_future_workflow_manual_trigger":{"enabledWorkflows":[]},"_links":{"self":[{"href":"https:\/\/smm.eesc.usp.br\/index.php?rest_route=\/wp\/v2\/pages\/31","targetHints":{"allow":["GET"]}}],"collection":[{"href":"https:\/\/smm.eesc.usp.br\/index.php?rest_route=\/wp\/v2\/pages"}],"about":[{"href":"https:\/\/smm.eesc.usp.br\/index.php?rest_route=\/wp\/v2\/types\/page"}],"author":[{"embeddable":true,"href":"https:\/\/smm.eesc.usp.br\/index.php?rest_route=\/wp\/v2\/users\/1"}],"replies":[{"embeddable":true,"href":"https:\/\/smm.eesc.usp.br\/index.php?rest_route=%2Fwp%2Fv2%2Fcomments&post=31"}],"version-history":[{"count":0,"href":"https:\/\/smm.eesc.usp.br\/index.php?rest_route=\/wp\/v2\/pages\/31\/revisions"}],"up":[{"embeddable":true,"href":"https:\/\/smm.eesc.usp.br\/index.php?rest_route=\/wp\/v2\/pages\/754"}],"wp:attachment":[{"href":"https:\/\/smm.eesc.usp.br\/index.php?rest_route=%2Fwp%2Fv2%2Fmedia&parent=31"}],"wp:term":[{"taxonomy":"wf_page_folders","embeddable":true,"href":"https:\/\/smm.eesc.usp.br\/index.php?rest_route=%2Fwp%2Fv2%2Fwf_page_folders&post=31"}],"curies":[{"name":"wp","href":"https:\/\/api.w.org\/{rel}","templated":true}]}}